{"id":24,"date":"2023-11-21T16:18:29","date_gmt":"2023-11-21T15:18:29","guid":{"rendered":"https:\/\/zero-waste-a-sustainable-world.eu\/?page_id=24"},"modified":"2025-01-21T13:17:51","modified_gmt":"2025-01-21T12:17:51","slug":"partners","status":"publish","type":"page","link":"https:\/\/zero-waste-a-sustainable-world.eu\/index.php\/partners\/","title":{"rendered":"PARTNERS"},"content":{"rendered":"\n<p>Narva Soldino G\u00fcmnaasium, Narva : Estonia<\/p>\n\n\n\n<p>Website : closed<\/p>\n\n\n\n<p>\u00c7a\u011fda\u015f ve Yenilik\u00e7i E\u011fitimciler Derne\u011fi, Trabzon : T\u00fcrkiye<\/p>\n\n\n\n<p>Website : <a href=\"https:\/\/www.cayeder.com\/about\">link<\/a><\/p>\n\n\n\n<p>Vy\u0161\u0161\u00ed odborn\u00e1 \u0161kola zdravotnick\u00e1, St\u0159edn\u00ed zdravotnick\u00e1 \u0161kola a Obchodn\u00ed akademie, Trutnov : Czech Republic<\/p>\n\n\n\n<p>Website : <a href=\"https:\/\/www.szstrutnov.cz\">link <\/a><\/p>\n\n\n\n<p>Stowarzyszenie Animator\u00f3w Wszechstronnego Rozwoju M\u0142odzie\u017cy, Gliwice : Poland<\/p>\n\n\n\n<p>Website : <a href=\"http:\/\/animator.halogen.org.pl\">link <\/a><\/p>\n\n\n\n<p>Lyc\u00e9e Technologique Priv\u00e9 Nay-Baudreix, Nay : France<\/p>\n\n\n\n<p>Website : <a href=\"https:\/\/www.ltp-naybaudreix.com\">link<\/a><\/p>\n\n\n\n<p>UNIVERSITA DEGLI STUDI DI PALERMO, Palermo : Italy<\/p>\n\n\n\n<p>Website : <a href=\"https:\/\/www.unipa.it\">link<\/a><\/p>\n\n\n\n<p>FUNDACION PATRONATO AVEMARIANO DE GRANADA, Motril : Spain<\/p>\n\n\n\n<p>Website : <a href=\"https:\/\/amgr.es\">link<\/a><\/p>\n\n\n\n<p>Ny\u00edregyh\u00e1zi SZC V\u00e1s\u00e1rhelyi P\u00e1l technikum, Ny\u00edregyh\u00e1za, Hungary<\/p>\n\n\n\n<p>Website : <a href=\"https:\/\/www.nyszcevisz.hu\">link<\/a><\/p>\n\n\n\n<p><\/p>\n","protected":false},"excerpt":{"rendered":"<p>Narva Soldino G\u00fcmnaasium, Narva : Estonia Website : closed \u00c7a\u011fda\u015f ve Yenilik\u00e7i E\u011fitimciler Derne\u011fi, Trabzon : T\u00fcrkiye Website : link Vy\u0161\u0161\u00ed odborn\u00e1 \u0161kola zdravotnick\u00e1, St\u0159edn\u00ed zdravotnick\u00e1 \u0161kola a Obchodn\u00ed akademie,<\/p>\n","protected":false},"author":1,"featured_media":0,"parent":0,"menu_order":2,"comment_status":"closed","ping_status":"closed","template":"","meta":{"footnotes":""},"class_list":["post-24","page","type-page","status-publish","hentry"],"_links":{"self":[{"href":"https:\/\/zero-waste-a-sustainable-world.eu\/index.php\/wp-json\/wp\/v2\/pages\/24","targetHints":{"allow":["GET"]}}],"collection":[{"href":"https:\/\/zero-waste-a-sustainable-world.eu\/index.php\/wp-json\/wp\/v2\/pages"}],"about":[{"href":"https:\/\/zero-waste-a-sustainable-world.eu\/index.php\/wp-json\/wp\/v2\/types\/page"}],"author":[{"embeddable":true,"href":"https:\/\/zero-waste-a-sustainable-world.eu\/index.php\/wp-json\/wp\/v2\/users\/1"}],"replies":[{"embeddable":true,"href":"https:\/\/zero-waste-a-sustainable-world.eu\/index.php\/wp-json\/wp\/v2\/comments?post=24"}],"version-history":[{"count":3,"href":"https:\/\/zero-waste-a-sustainable-world.eu\/index.php\/wp-json\/wp\/v2\/pages\/24\/revisions"}],"predecessor-version":[{"id":198,"href":"https:\/\/zero-waste-a-sustainable-world.eu\/index.php\/wp-json\/wp\/v2\/pages\/24\/revisions\/198"}],"wp:attachment":[{"href":"https:\/\/zero-waste-a-sustainable-world.eu\/index.php\/wp-json\/wp\/v2\/media?parent=24"}],"curies":[{"name":"wp","href":"https:\/\/api.w.org\/{rel}","templated":true}]}}